{"id":323,"date":"2020-08-19T13:20:36","date_gmt":"2020-08-19T18:20:36","guid":{"rendered":"http:\/\/www.pramadex.com\/?page_id=323"},"modified":"2022-02-23T09:12:40","modified_gmt":"2022-02-23T14:12:40","slug":"consejeria-fiscal-y-juridica","status":"publish","type":"page","link":"https:\/\/www.pramadex.ch\/en\/services\/tax-and-legal-advice\/","title":{"rendered":"Tax and legal advice"},"content":{"rendered":"<div data-elementor-type=\"wp-page\" data-elementor-id=\"323\" class=\"elementor elementor-323\" data-elementor-settings=\"[]\">\n\t\t\t\t\t\t<div class=\"elementor-inner\">\n\t\t\t\t\t\t\t<div class=\"elementor-section-wrap\">\n\t\t\t\t\t\t\t<section class=\"elementor-section elementor-top-section elementor-element elementor-element-4c32a674 elementor-section-full_width elementor-section-height-default elementor-section-height-default\" data-id=\"4c32a674\" data-element_type=\"section\" data-settings=\"{&quot;background_background&quot;:&quot;classic&quot;}\">\n\t\t\t\t\t\t\t<div class=\"elementor-background-overlay\"><\/div>\n\t\t\t\t\t\t\t<div class=\"elementor-container elementor-column-gap-default\">\n\t\t\t\t\t\t\t<div class=\"elementor-row\">\n\t\t\t\t\t<div class=\"elementor-column elementor-col-100 elementor-top-column elementor-element elementor-element-e38b300\" data-id=\"e38b300\" data-element_type=\"column\">\n\t\t\t<div class=\"elementor-column-wrap elementor-element-populated\">\n\t\t\t\t\t\t\t<div class=\"elementor-widget-wrap\">\n\t\t\t\t\t\t<section class=\"elementor-section elementor-inner-section elementor-element elementor-element-7b0ecb21 elementor-section-boxed elementor-section-height-default elementor-section-height-default\" data-id=\"7b0ecb21\" data-element_type=\"section\">\n\t\t\t\t\t\t<div class=\"elementor-container elementor-column-gap-default\">\n\t\t\t\t\t\t\t<div class=\"elementor-row\">\n\t\t\t\t\t<div class=\"elementor-column elementor-col-100 elementor-inner-column elementor-element elementor-element-27e55168\" data-id=\"27e55168\" data-element_type=\"column\">\n\t\t\t<div class=\"elementor-column-wrap elementor-element-populated\">\n\t\t\t\t\t\t\t<div class=\"elementor-widget-wrap\">\n\t\t\t\t\t\t<div class=\"elementor-element elementor-element-a9a9dc2 elementor-widget elementor-widget-heading\" data-id=\"a9a9dc2\" data-element_type=\"widget\" data-widget_type=\"heading.default\">\n\t\t\t\t<div class=\"elementor-widget-container\">\n\t\t\t<h2 class=\"elementor-heading-title elementor-size-default\">Tax and legal advice<\/h2>\t\t<\/div>\n\t\t\t\t<\/div>\n\t\t\t\t<div class=\"elementor-element elementor-element-24784838 elementor-icon-list--layout-inline elementor-list-item-link-full_width elementor-widget elementor-widget-icon-list\" data-id=\"24784838\" data-element_type=\"widget\" data-widget_type=\"icon-list.default\">\n\t\t\t\t<div class=\"elementor-widget-container\">\n\t\t\t\t\t<ul class=\"elementor-icon-list-items elementor-inline-items\">\n\t\t\t\t\t\t\t<li class=\"elementor-icon-list-item elementor-inline-item\">\n\t\t\t\t\t\t\t\t\t\t\t<a href=\"https:\/\/www.pramadex.com\/\">\n\n\t\t\t\t\t\t\t\t\t\t\t<span class=\"elementor-icon-list-text\">Home<\/span>\n\t\t\t\t\t\t\t\t\t\t\t<\/a>\n\t\t\t\t\t\t\t\t\t<\/li>\n\t\t\t\t\t\t\t\t<li class=\"elementor-icon-list-item elementor-inline-item\">\n\t\t\t\t\t\t\t\t\t\t<span class=\"elementor-icon-list-text\">Services<\/span>\n\t\t\t\t\t\t\t\t\t<\/li>\n\t\t\t\t\t\t\t\t<li class=\"elementor-icon-list-item elementor-inline-item\">\n\t\t\t\t\t\t\t\t\t\t\t<a href=\"#\">\n\n\t\t\t\t\t\t\t\t\t\t\t<span class=\"elementor-icon-list-text\">Tax and legal advice<\/span>\n\t\t\t\t\t\t\t\t\t\t\t<\/a>\n\t\t\t\t\t\t\t\t\t<\/li>\n\t\t\t\t\t\t<\/ul>\n\t\t\t\t<\/div>\n\t\t\t\t<\/div>\n\t\t\t\t\t\t<\/div>\n\t\t\t\t\t<\/div>\n\t\t<\/div>\n\t\t\t\t\t\t\t\t<\/div>\n\t\t\t\t\t<\/div>\n\t\t<\/section>\n\t\t\t\t\t\t<\/div>\n\t\t\t\t\t<\/div>\n\t\t<\/div>\n\t\t\t\t\t\t\t\t<\/div>\n\t\t\t\t\t<\/div>\n\t\t<\/section>\n\t\t\t\t<section class=\"elementor-section elementor-top-section elementor-element elementor-element-038ac31 elementor-section-boxed elementor-section-height-default elementor-section-height-default\" data-id=\"038ac31\" data-element_type=\"section\">\n\t\t\t\t\t\t<div class=\"elementor-container elementor-column-gap-default\">\n\t\t\t\t\t\t\t<div class=\"elementor-row\">\n\t\t\t\t\t<div class=\"elementor-column elementor-col-50 elementor-top-column elementor-element elementor-element-fd2e4d9\" data-id=\"fd2e4d9\" data-element_type=\"column\">\n\t\t\t<div class=\"elementor-column-wrap elementor-element-populated\">\n\t\t\t\t\t\t\t<div class=\"elementor-widget-wrap\">\n\t\t\t\t\t\t<section class=\"elementor-section elementor-inner-section elementor-element elementor-element-0113637 elementor-hidden-phone elementor-section-boxed elementor-section-height-default elementor-section-height-default\" data-id=\"0113637\" data-element_type=\"section\">\n\t\t\t\t\t\t<div class=\"elementor-container elementor-column-gap-default\">\n\t\t\t\t\t\t\t<div class=\"elementor-row\">\n\t\t\t\t\t<div class=\"elementor-column elementor-col-100 elementor-inner-column elementor-element elementor-element-37420d5\" data-id=\"37420d5\" data-element_type=\"column\">\n\t\t\t<div class=\"elementor-column-wrap elementor-element-populated\">\n\t\t\t\t\t\t\t<div class=\"elementor-widget-wrap\">\n\t\t\t\t\t\t<div class=\"elementor-element elementor-element-2d94f7e elementor-widget elementor-widget-heading\" data-id=\"2d94f7e\" data-element_type=\"widget\" data-widget_type=\"heading.default\">\n\t\t\t\t<div class=\"elementor-widget-container\">\n\t\t\t<h2 class=\"elementor-heading-title elementor-size-default\">Other services<\/h2>\t\t<\/div>\n\t\t\t\t<\/div>\n\t\t\t\t<div class=\"elementor-element elementor-element-031fe99 elementor-widget-divider--view-line elementor-widget elementor-widget-divider\" data-id=\"031fe99\" data-element_type=\"widget\" data-widget_type=\"divider.default\">\n\t\t\t\t<div class=\"elementor-widget-container\">\n\t\t\t\t\t<div class=\"elementor-divider\">\n\t\t\t<span class=\"elementor-divider-separator\">\n\t\t\t\t\t\t<\/span>\n\t\t<\/div>\n\t\t\t\t<\/div>\n\t\t\t\t<\/div>\n\t\t\t\t<div class=\"elementor-element elementor-element-bfdc54d elementor-nav-menu__align-left elementor-nav-menu--dropdown-none elementor-widget elementor-widget-nav-menu\" data-id=\"bfdc54d\" data-element_type=\"widget\" data-settings=\"{&quot;layout&quot;:&quot;vertical&quot;,&quot;submenu_icon&quot;:{&quot;value&quot;:&quot;&lt;i class=\\&quot;fas fa-caret-down\\&quot;&gt;&lt;\\\/i&gt;&quot;,&quot;library&quot;:&quot;fa-solid&quot;}}\" data-widget_type=\"nav-menu.default\">\n\t\t\t\t<div class=\"elementor-widget-container\">\n\t\t\t\t\t\t<nav migration_allowed=\"1\" migrated=\"0\" role=\"navigation\" class=\"elementor-nav-menu--main elementor-nav-menu__container elementor-nav-menu--layout-vertical e--pointer-background e--animation-sweep-right\">\n\t\t\t\t<ul id=\"menu-1-bfdc54d\" class=\"elementor-nav-menu sm-vertical\"><li class=\"menu-item menu-item-type-post_type menu-item-object-page menu-item-285\"><a href=\"https:\/\/www.pramadex.ch\/en\/services\/financial-market\/\" class=\"elementor-item\">Financial Market<\/a><\/li>\n<li class=\"menu-item menu-item-type-post_type menu-item-object-page menu-item-327\"><a href=\"https:\/\/www.pramadex.ch\/en\/services\/family-office\/\" class=\"elementor-item\">Family Office<\/a><\/li>\n<\/ul>\t\t\t<\/nav>\n\t\t\t\t\t<div class=\"elementor-menu-toggle\" role=\"button\" tabindex=\"0\" aria-label=\"Menu Toggle\" aria-expanded=\"false\">\n\t\t\t<i aria-hidden=\"true\" role=\"presentation\" class=\"elementor-menu-toggle__icon--open eicon-menu-bar\"><\/i><i aria-hidden=\"true\" role=\"presentation\" class=\"elementor-menu-toggle__icon--close eicon-close\"><\/i>\t\t\t<span class=\"elementor-screen-only\">Menu<\/span>\n\t\t<\/div>\n\t\t\t<nav class=\"elementor-nav-menu--dropdown elementor-nav-menu__container\" role=\"navigation\" aria-hidden=\"true\">\n\t\t\t\t<ul id=\"menu-2-bfdc54d\" class=\"elementor-nav-menu sm-vertical\"><li class=\"menu-item menu-item-type-post_type menu-item-object-page menu-item-285\"><a href=\"https:\/\/www.pramadex.ch\/en\/services\/financial-market\/\" class=\"elementor-item\" tabindex=\"-1\">Financial Market<\/a><\/li>\n<li class=\"menu-item menu-item-type-post_type menu-item-object-page menu-item-327\"><a href=\"https:\/\/www.pramadex.ch\/en\/services\/family-office\/\" class=\"elementor-item\" tabindex=\"-1\">Family Office<\/a><\/li>\n<\/ul>\t\t\t<\/nav>\n\t\t\t\t<\/div>\n\t\t\t\t<\/div>\n\t\t\t\t<div class=\"elementor-element elementor-element-901b20f elementor-widget elementor-widget-heading\" data-id=\"901b20f\" data-element_type=\"widget\" data-widget_type=\"heading.default\">\n\t\t\t\t<div class=\"elementor-widget-container\">\n\t\t\t<h2 class=\"elementor-heading-title elementor-size-default\">Questions?<\/h2>\t\t<\/div>\n\t\t\t\t<\/div>\n\t\t\t\t<div class=\"elementor-element elementor-element-f6273ce elementor-widget-divider--view-line elementor-widget elementor-widget-divider\" data-id=\"f6273ce\" data-element_type=\"widget\" data-widget_type=\"divider.default\">\n\t\t\t\t<div class=\"elementor-widget-container\">\n\t\t\t\t\t<div class=\"elementor-divider\">\n\t\t\t<span class=\"elementor-divider-separator\">\n\t\t\t\t\t\t<\/span>\n\t\t<\/div>\n\t\t\t\t<\/div>\n\t\t\t\t<\/div>\n\t\t\t\t<div class=\"elementor-element elementor-element-e02cc78 elementor-button-align-stretch elementor-widget elementor-widget-form\" data-id=\"e02cc78\" data-element_type=\"widget\" data-settings=\"{&quot;step_next_label&quot;:&quot;Next&quot;,&quot;step_previous_label&quot;:&quot;Previous&quot;,&quot;button_width&quot;:&quot;100&quot;,&quot;step_type&quot;:&quot;number_text&quot;,&quot;step_icon_shape&quot;:&quot;circle&quot;}\" data-widget_type=\"form.default\">\n\t\t\t\t<div class=\"elementor-widget-container\">\n\t\t\t\t\t<form class=\"elementor-form\" method=\"post\" name=\"New Form\" action=\"\">\n\t\t\t<input type=\"hidden\" name=\"post_id\" value=\"323\"\/>\n\t\t\t<input type=\"hidden\" name=\"form_id\" value=\"e02cc78\"\/>\n\t\t\t<input type=\"hidden\" name=\"referer_title\" value=\"Pramadex\" \/>\n\n\t\t\t\n\t\t\t<div class=\"elementor-form-fields-wrapper elementor-labels-above\">\n\t\t\t\t\t\t\t\t<div class=\"elementor-field-type-text elementor-field-group elementor-column elementor-field-group-name elementor-col-100\">\n\t\t\t\t\t\t\t\t\t\t\t\t<label for=\"form-field-name\" class=\"elementor-field-label\">\n\t\t\t\t\t\t\t\tName\t\t\t\t\t\t\t<\/label>\n\t\t\t\t\t\t\t\t\t\t\t\t\t\t<input size=\"1\" type=\"text\" name=\"form_fields[name]\" id=\"form-field-name\" class=\"elementor-field elementor-size-xs  elementor-field-textual\">\n\t\t\t\t\t\t\t\t\t\t\t<\/div>\n\t\t\t\t\t\t\t\t<div class=\"elementor-field-type-email elementor-field-group elementor-column elementor-field-group-email elementor-col-100 elementor-field-required\">\n\t\t\t\t\t\t\t\t\t\t\t\t<label for=\"form-field-email\" class=\"elementor-field-label\">\n\t\t\t\t\t\t\t\tEmail\t\t\t\t\t\t\t<\/label>\n\t\t\t\t\t\t\t\t\t\t\t\t\t\t<input size=\"1\" type=\"email\" name=\"form_fields[email]\" id=\"form-field-email\" class=\"elementor-field elementor-size-xs  elementor-field-textual\" required=\"required\" aria-required=\"true\">\n\t\t\t\t\t\t\t\t\t\t\t<\/div>\n\t\t\t\t\t\t\t\t<div class=\"elementor-field-type-textarea elementor-field-group elementor-column elementor-field-group-message elementor-col-100\">\n\t\t\t\t\t\t\t\t\t\t\t\t<label for=\"form-field-message\" class=\"elementor-field-label\">\n\t\t\t\t\t\t\t\tMessage\t\t\t\t\t\t\t<\/label>\n\t\t\t\t\t\t<textarea class=\"elementor-field-textual elementor-field  elementor-size-xs\" name=\"form_fields[message]\" id=\"form-field-message\" rows=\"4\"><\/textarea>\t\t\t\t<\/div>\n\t\t\t\t\t\t\t\t<div class=\"elementor-field-group elementor-column elementor-field-type-submit elementor-col-100 e-form__buttons\">\n\t\t\t\t\t<button type=\"submit\" class=\"elementor-button elementor-size-sm\">\n\t\t\t\t\t\t<span >\n\t\t\t\t\t\t\t\t\t\t\t\t\t\t\t<span class=\"elementor-button-icon\">\n\t\t\t\t\t\t\t\t\t\t\t\t\t\t\t\t\t\t\t\t\t\t\t\t\t\t<\/span>\n\t\t\t\t\t\t\t\t\t\t\t\t\t\t\t\t\t\t\t\t\t\t<span class=\"elementor-button-text\">Send<\/span>\n\t\t\t\t\t\t\t\t\t\t\t\t\t<\/span>\n\t\t\t\t\t<\/button>\n\t\t\t\t<\/div>\n\t\t\t<\/div>\n\t\t<input type=\"hidden\" name=\"trp-form-language\" value=\"en\"\/><\/form>\n\t\t\t\t<\/div>\n\t\t\t\t<\/div>\n\t\t\t\t\t\t<\/div>\n\t\t\t\t\t<\/div>\n\t\t<\/div>\n\t\t\t\t\t\t\t\t<\/div>\n\t\t\t\t\t<\/div>\n\t\t<\/section>\n\t\t\t\t\t\t<\/div>\n\t\t\t\t\t<\/div>\n\t\t<\/div>\n\t\t\t\t<div class=\"elementor-column elementor-col-50 elementor-top-column elementor-element elementor-element-b1a0e29\" data-id=\"b1a0e29\" data-element_type=\"column\">\n\t\t\t<div class=\"elementor-column-wrap elementor-element-populated\">\n\t\t\t\t\t\t\t<div class=\"elementor-widget-wrap\">\n\t\t\t\t\t\t<section class=\"elementor-section elementor-inner-section elementor-element elementor-element-31e4019 elementor-section-boxed elementor-section-height-default elementor-section-height-default\" data-id=\"31e4019\" data-element_type=\"section\">\n\t\t\t\t\t\t<div class=\"elementor-container elementor-column-gap-default\">\n\t\t\t\t\t\t\t<div class=\"elementor-row\">\n\t\t\t\t\t<div class=\"elementor-column elementor-col-100 elementor-inner-column elementor-element elementor-element-20bfaa1\" data-id=\"20bfaa1\" data-element_type=\"column\">\n\t\t\t<div class=\"elementor-column-wrap elementor-element-populated\">\n\t\t\t\t\t\t\t<div class=\"elementor-widget-wrap\">\n\t\t\t\t\t\t<div class=\"elementor-element elementor-element-4f93696 elementor-widget elementor-widget-heading\" data-id=\"4f93696\" data-element_type=\"widget\" data-widget_type=\"heading.default\">\n\t\t\t\t<div class=\"elementor-widget-container\">\n\t\t\t<h2 class=\"elementor-heading-title elementor-size-default\">Tax and legal advice<\/h2>\t\t<\/div>\n\t\t\t\t<\/div>\n\t\t\t\t<div class=\"elementor-element elementor-element-4b074aa elementor-widget elementor-widget-heading\" data-id=\"4b074aa\" data-element_type=\"widget\" data-widget_type=\"heading.default\">\n\t\t\t\t<div class=\"elementor-widget-container\">\n\t\t\t<h4 class=\"elementor-heading-title elementor-size-default\">We operate in constantly moving context; immutable paradigms are criticized today. Therefore, we must be continously innovating in tax and legal advice.<\/h4>\t\t<\/div>\n\t\t\t\t<\/div>\n\t\t\t\t<div class=\"elementor-element elementor-element-2030f24 elementor-widget elementor-widget-text-editor\" data-id=\"2030f24\" data-element_type=\"widget\" data-widget_type=\"text-editor.default\">\n\t\t\t\t<div class=\"elementor-widget-container\">\n\t\t\t\t\t\t\t\t<div class=\"elementor-text-editor elementor-clearfix\">\n\t\t\t\t<p>We rely on our allies, tax experts and lawyer bureaus to support our proposals.<\/p><p>Tax optimization is aimed at our clients worldwide. We developed, with the years, top strategies for optimization in the market.<\/p>\t\t\t\t\t<\/div>\n\t\t\t\t\t\t<\/div>\n\t\t\t\t<\/div>\n\t\t\t\t<div class=\"elementor-element elementor-element-406e667 elementor-widget elementor-widget-image\" data-id=\"406e667\" data-element_type=\"widget\" data-widget_type=\"image.default\">\n\t\t\t\t<div class=\"elementor-widget-container\">\n\t\t\t\t\t\t\t\t<div class=\"elementor-image\">\n\t\t\t\t\t\t\t\t\t\t\t\t<img loading=\"lazy\" decoding=\"async\" width=\"613\" height=\"409\" src=\"https:\/\/www.pramadex.ch\/wp-content\/uploads\/2020\/11\/504523-PHS4PO-673.png\" class=\"attachment-large size-large\" alt=\"consejeria fiscal y juridica\" srcset=\"https:\/\/www.pramadex.ch\/wp-content\/uploads\/2020\/11\/504523-PHS4PO-673.png 613w, https:\/\/www.pramadex.ch\/wp-content\/uploads\/2020\/11\/504523-PHS4PO-673-300x200.png 300w\" sizes=\"(max-width: 613px) 100vw, 613px\" \/>\t\t\t\t\t\t\t\t\t\t\t\t\t\t<\/div>\n\t\t\t\t\t\t<\/div>\n\t\t\t\t<\/div>\n\t\t\t\t\t\t<\/div>\n\t\t\t\t\t<\/div>\n\t\t<\/div>\n\t\t\t\t\t\t\t\t<\/div>\n\t\t\t\t\t<\/div>\n\t\t<\/section>\n\t\t\t\t\t\t<\/div>\n\t\t\t\t\t<\/div>\n\t\t<\/div>\n\t\t\t\t\t\t\t\t<\/div>\n\t\t\t\t\t<\/div>\n\t\t<\/section>\n\t\t\t\t\t\t<\/div>\n\t\t\t\t\t\t<\/div>\n\t\t\t\t\t<\/div>","protected":false},"excerpt":{"rendered":"<p>Consejer\u00eda fiscal y jur\u00eddica Inicio Servicios Consejer\u00eda fiscal y jur\u00eddica Otros Servicios \u00bf consultas ? Consejer\u00eda fiscal y jur\u00eddica Nos movemos en un entorno que cambia constantemente; los paradigmas inmutables hoy son criticados. Es por ello que debemos estar en constante innovaci\u00f3n en consejer\u00eda fiscal y jur\u00eddica. Podemos contar con nuestros aliados, expertos fiscalistas y [&hellip;]<\/p>","protected":false},"author":1,"featured_media":0,"parent":598,"menu_order":0,"comment_status":"closed","ping_status":"closed","template":"","meta":{"footnotes":""},"yoast_head":"<!-- This site is optimized with the Yoast SEO plugin v23.0 - https:\/\/yoast.com\/wordpress\/plugins\/seo\/ -->\n<title>Consejer\u00eda fiscal y jur\u00eddica - Pramadex - Ginebra, Suiza<\/title>\n<meta name=\"description\" content=\"Servicios de Impuestos y asesor\u00edas fiscales, especialistas fiscales, asesor\u00edas fiscales con nuestros especialistas legales.\" \/>\n<meta name=\"robots\" content=\"index, follow, max-snippet:-1, max-image-preview:large, max-video-preview:-1\" \/>\n<link rel=\"canonical\" href=\"https:\/\/www.pramadex.ch\/en\/services\/conseils-fiscaux-et-juridiques\/\" \/>\n<meta property=\"og:locale\" content=\"en_GB\" \/>\n<meta property=\"og:type\" content=\"article\" \/>\n<meta property=\"og:title\" content=\"Consejer\u00eda fiscal y jur\u00eddica - Pramadex - Ginebra, Suiza\" \/>\n<meta property=\"og:description\" content=\"Servicios de Impuestos y asesor\u00edas fiscales, especialistas fiscales, asesor\u00edas fiscales con nuestros especialistas legales.\" \/>\n<meta property=\"og:url\" content=\"https:\/\/www.pramadex.ch\/en\/services\/conseils-fiscaux-et-juridiques\/\" \/>\n<meta property=\"og:site_name\" content=\"Pramadex\" \/>\n<meta property=\"article:modified_time\" content=\"2022-02-23T14:12:40+00:00\" \/>\n<meta property=\"og:image\" content=\"https:\/\/www.pramadex.ch\/wp-content\/uploads\/2020\/11\/504523-PHS4PO-673.png\" \/>\n<meta name=\"twitter:card\" content=\"summary_large_image\" \/>\n<meta name=\"twitter:label1\" content=\"Estimated reading time\" \/>\n\t<meta name=\"twitter:data1\" content=\"1 minute\" \/>\n<script type=\"application\/ld+json\" class=\"yoast-schema-graph\">{\"@context\":\"https:\/\/schema.org\",\"@graph\":[{\"@type\":\"WebPage\",\"@id\":\"https:\/\/www.pramadex.ch\/services\/conseils-fiscaux-et-juridiques\/\",\"url\":\"https:\/\/www.pramadex.ch\/services\/conseils-fiscaux-et-juridiques\/\",\"name\":\"Consejer\u00eda fiscal y jur\u00eddica - Pramadex - Ginebra, Suiza\",\"isPartOf\":{\"@id\":\"https:\/\/www.pramadex.ch\/#website\"},\"primaryImageOfPage\":{\"@id\":\"https:\/\/www.pramadex.ch\/services\/conseils-fiscaux-et-juridiques\/#primaryimage\"},\"image\":{\"@id\":\"https:\/\/www.pramadex.ch\/services\/conseils-fiscaux-et-juridiques\/#primaryimage\"},\"thumbnailUrl\":\"https:\/\/www.pramadex.ch\/wp-content\/uploads\/2020\/11\/504523-PHS4PO-673.png\",\"datePublished\":\"2020-08-19T18:20:36+00:00\",\"dateModified\":\"2022-02-23T14:12:40+00:00\",\"description\":\"Servicios de Impuestos y asesor\u00edas fiscales, especialistas fiscales, asesor\u00edas fiscales con nuestros especialistas legales.\",\"breadcrumb\":{\"@id\":\"https:\/\/www.pramadex.ch\/services\/conseils-fiscaux-et-juridiques\/#breadcrumb\"},\"inLanguage\":\"en-GB\",\"potentialAction\":[{\"@type\":\"ReadAction\",\"target\":[\"https:\/\/www.pramadex.ch\/services\/conseils-fiscaux-et-juridiques\/\"]}]},{\"@type\":\"ImageObject\",\"inLanguage\":\"en-GB\",\"@id\":\"https:\/\/www.pramadex.ch\/services\/conseils-fiscaux-et-juridiques\/#primaryimage\",\"url\":\"https:\/\/www.pramadex.ch\/wp-content\/uploads\/2020\/11\/504523-PHS4PO-673.png\",\"contentUrl\":\"https:\/\/www.pramadex.ch\/wp-content\/uploads\/2020\/11\/504523-PHS4PO-673.png\"},{\"@type\":\"BreadcrumbList\",\"@id\":\"https:\/\/www.pramadex.ch\/services\/conseils-fiscaux-et-juridiques\/#breadcrumb\",\"itemListElement\":[{\"@type\":\"ListItem\",\"position\":1,\"name\":\"Portada\",\"item\":\"https:\/\/www.pramadex.ch\/fr\/\"},{\"@type\":\"ListItem\",\"position\":2,\"name\":\"Servicios\",\"item\":\"https:\/\/www.pramadex.ch\/services\/\"},{\"@type\":\"ListItem\",\"position\":3,\"name\":\"Consejer\u00eda fiscal y jur\u00eddica\"}]},{\"@type\":\"WebSite\",\"@id\":\"https:\/\/www.pramadex.ch\/#website\",\"url\":\"https:\/\/www.pramadex.ch\/\",\"name\":\"Pramadex\",\"description\":\"Future Investments\",\"potentialAction\":[{\"@type\":\"SearchAction\",\"target\":{\"@type\":\"EntryPoint\",\"urlTemplate\":\"https:\/\/www.pramadex.ch\/?s={search_term_string}\"},\"query-input\":\"required name=search_term_string\"}],\"inLanguage\":\"en-GB\"}]}<\/script>\n<!-- \/ Yoast SEO plugin. -->","yoast_head_json":{"title":"Consejer\u00eda fiscal y jur\u00eddica - Pramadex - Ginebra, Suiza","description":"Servicios de Impuestos y asesor\u00edas fiscales, especialistas fiscales, asesor\u00edas fiscales con nuestros especialistas legales.","robots":{"index":"index","follow":"follow","max-snippet":"max-snippet:-1","max-image-preview":"max-image-preview:large","max-video-preview":"max-video-preview:-1"},"canonical":"https:\/\/www.pramadex.ch\/en\/services\/conseils-fiscaux-et-juridiques\/","og_locale":"en_GB","og_type":"article","og_title":"Consejer\u00eda fiscal y jur\u00eddica - Pramadex - Ginebra, Suiza","og_description":"Servicios de Impuestos y asesor\u00edas fiscales, especialistas fiscales, asesor\u00edas fiscales con nuestros especialistas legales.","og_url":"https:\/\/www.pramadex.ch\/en\/services\/conseils-fiscaux-et-juridiques\/","og_site_name":"Pramadex","article_modified_time":"2022-02-23T14:12:40+00:00","og_image":[{"url":"https:\/\/www.pramadex.ch\/wp-content\/uploads\/2020\/11\/504523-PHS4PO-673.png"}],"twitter_card":"summary_large_image","twitter_misc":{"Estimated reading time":"1 minute"},"schema":{"@context":"https:\/\/schema.org","@graph":[{"@type":"WebPage","@id":"https:\/\/www.pramadex.ch\/services\/conseils-fiscaux-et-juridiques\/","url":"https:\/\/www.pramadex.ch\/services\/conseils-fiscaux-et-juridiques\/","name":"Consejer\u00eda fiscal y jur\u00eddica - Pramadex - Ginebra, Suiza","isPartOf":{"@id":"https:\/\/www.pramadex.ch\/#website"},"primaryImageOfPage":{"@id":"https:\/\/www.pramadex.ch\/services\/conseils-fiscaux-et-juridiques\/#primaryimage"},"image":{"@id":"https:\/\/www.pramadex.ch\/services\/conseils-fiscaux-et-juridiques\/#primaryimage"},"thumbnailUrl":"https:\/\/www.pramadex.ch\/wp-content\/uploads\/2020\/11\/504523-PHS4PO-673.png","datePublished":"2020-08-19T18:20:36+00:00","dateModified":"2022-02-23T14:12:40+00:00","description":"Servicios de Impuestos y asesor\u00edas fiscales, especialistas fiscales, asesor\u00edas fiscales con nuestros especialistas legales.","breadcrumb":{"@id":"https:\/\/www.pramadex.ch\/services\/conseils-fiscaux-et-juridiques\/#breadcrumb"},"inLanguage":"en-GB","potentialAction":[{"@type":"ReadAction","target":["https:\/\/www.pramadex.ch\/services\/conseils-fiscaux-et-juridiques\/"]}]},{"@type":"ImageObject","inLanguage":"en-GB","@id":"https:\/\/www.pramadex.ch\/services\/conseils-fiscaux-et-juridiques\/#primaryimage","url":"https:\/\/www.pramadex.ch\/wp-content\/uploads\/2020\/11\/504523-PHS4PO-673.png","contentUrl":"https:\/\/www.pramadex.ch\/wp-content\/uploads\/2020\/11\/504523-PHS4PO-673.png"},{"@type":"BreadcrumbList","@id":"https:\/\/www.pramadex.ch\/services\/conseils-fiscaux-et-juridiques\/#breadcrumb","itemListElement":[{"@type":"ListItem","position":1,"name":"Portada","item":"https:\/\/www.pramadex.ch\/fr\/"},{"@type":"ListItem","position":2,"name":"Servicios","item":"https:\/\/www.pramadex.ch\/services\/"},{"@type":"ListItem","position":3,"name":"Consejer\u00eda fiscal y jur\u00eddica"}]},{"@type":"WebSite","@id":"https:\/\/www.pramadex.ch\/#website","url":"https:\/\/www.pramadex.ch\/","name":"Pramadex","description":"Future Investments","potentialAction":[{"@type":"SearchAction","target":{"@type":"EntryPoint","urlTemplate":"https:\/\/www.pramadex.ch\/?s={search_term_string}"},"query-input":"required name=search_term_string"}],"inLanguage":"en-GB"}]}},"_links":{"self":[{"href":"https:\/\/www.pramadex.ch\/en\/wp-json\/wp\/v2\/pages\/323"}],"collection":[{"href":"https:\/\/www.pramadex.ch\/en\/wp-json\/wp\/v2\/pages"}],"about":[{"href":"https:\/\/www.pramadex.ch\/en\/wp-json\/wp\/v2\/types\/page"}],"author":[{"embeddable":true,"href":"https:\/\/www.pramadex.ch\/en\/wp-json\/wp\/v2\/users\/1"}],"replies":[{"embeddable":true,"href":"https:\/\/www.pramadex.ch\/en\/wp-json\/wp\/v2\/comments?post=323"}],"version-history":[{"count":13,"href":"https:\/\/www.pramadex.ch\/en\/wp-json\/wp\/v2\/pages\/323\/revisions"}],"predecessor-version":[{"id":1026,"href":"https:\/\/www.pramadex.ch\/en\/wp-json\/wp\/v2\/pages\/323\/revisions\/1026"}],"up":[{"embeddable":true,"href":"https:\/\/www.pramadex.ch\/en\/wp-json\/wp\/v2\/pages\/598"}],"wp:attachment":[{"href":"https:\/\/www.pramadex.ch\/en\/wp-json\/wp\/v2\/media?parent=323"}],"curies":[{"name":"wp","href":"https:\/\/api.w.org\/{rel}","templated":true}]}}